{"id":31231,"date":"2024-02-11T13:21:37","date_gmt":"2024-02-11T13:21:37","guid":{"rendered":"https:\/\/ldnglobalmarkets.com\/seminarios-on-line\/"},"modified":"2024-05-08T09:02:48","modified_gmt":"2024-05-08T09:02:48","slug":"seminarios-on-line","status":"publish","type":"page","link":"https:\/\/ldnglobalmarkets.com\/pt-pt\/seminarios-on-line\/","title":{"rendered":"Semin\u00e1rios on-line"},"content":{"rendered":"\t\t<div data-elementor-type=\"wp-page\" data-elementor-id=\"31231\" class=\"elementor elementor-31231 elementor-24820\" data-elementor-post-type=\"page\">\n\t\t\t\t\t\t\t\t\t<section class=\"elementor-section elementor-top-section elementor-element elementor-element-dfedac5 elementor-section-full_width elementor-section-height-default elementor-section-height-default\" data-id=\"dfedac5\" data-element_type=\"section\" data-settings=\"{&quot;background_background&quot;:&quot;classic&quot;,&quot;ekit_has_onepagescroll_dot&quot;:&quot;yes&quot;}\">\n\t\t\t\t\t\t<div class=\"elementor-container elementor-column-gap-default\">\n\t\t\t\t\t<div class=\"elementor-column elementor-col-100 elementor-top-column elementor-element elementor-element-b06aad6\" data-id=\"b06aad6\" data-element_type=\"column\">\n\t\t\t<div class=\"elementor-widget-wrap elementor-element-populated\">\n\t\t\t\t\t\t\t\t<div class=\"elementor-element elementor-element-03f5293 elementor-widget elementor-widget-spacer\" data-id=\"03f5293\" data-element_type=\"widget\" data-settings=\"{&quot;ekit_we_effect_on&quot;:&quot;none&quot;}\" data-widget_type=\"spacer.default\">\n\t\t\t\t<div class=\"elementor-widget-container\">\n\t\t\t<style>\/*! elementor - v3.15.0 - 02-08-2023 *\/\n.elementor-column .elementor-spacer-inner{height:var(--spacer-size)}.e-con{--container-widget-width:100%}.e-con-inner>.elementor-widget-spacer,.e-con>.elementor-widget-spacer{width:var(--container-widget-width,var(--spacer-size));--align-self:var(--container-widget-align-self,initial);--flex-shrink:0}.e-con-inner>.elementor-widget-spacer>.elementor-widget-container,.e-con-inner>.elementor-widget-spacer>.elementor-widget-container>.elementor-spacer,.e-con>.elementor-widget-spacer>.elementor-widget-container,.e-con>.elementor-widget-spacer>.elementor-widget-container>.elementor-spacer{height:100%}.e-con-inner>.elementor-widget-spacer>.elementor-widget-container>.elementor-spacer>.elementor-spacer-inner,.e-con>.elementor-widget-spacer>.elementor-widget-container>.elementor-spacer>.elementor-spacer-inner{height:var(--container-widget-height,var(--spacer-size))}<\/style>\t\t<div class=\"elementor-spacer\">\n\t\t\t<div class=\"elementor-spacer-inner\"><\/div>\n\t\t<\/div>\n\t\t\t\t<\/div>\n\t\t\t\t<\/div>\n\t\t\t\t\t<\/div>\n\t\t<\/div>\n\t\t\t\t\t\t\t<\/div>\n\t\t<\/section>\n\t\t\t\t<section class=\"elementor-section elementor-top-section elementor-element elementor-element-02f62c8 floatingsection elementor-section-boxed elementor-section-height-default elementor-section-height-default\" data-id=\"02f62c8\" data-element_type=\"section\" data-settings=\"{&quot;background_background&quot;:&quot;classic&quot;,&quot;ekit_has_onepagescroll_dot&quot;:&quot;yes&quot;}\">\n\t\t\t\t\t\t<div class=\"elementor-container elementor-column-gap-default\">\n\t\t\t\t\t<div class=\"elementor-column elementor-col-33 elementor-top-column elementor-element elementor-element-2df3936\" data-id=\"2df3936\" data-element_type=\"column\">\n\t\t\t<div class=\"elementor-widget-wrap elementor-element-populated\">\n\t\t\t\t\t\t\t\t<div class=\"elementor-element elementor-element-268b2f6 webinarfloatingimg elementor-widget elementor-widget-image\" data-id=\"268b2f6\" data-element_type=\"widget\" data-settings=\"{&quot;ekit_we_effect_on&quot;:&quot;none&quot;}\" data-widget_type=\"image.default\">\n\t\t\t\t<div class=\"elementor-widget-container\">\n\t\t\t<style>\/*! elementor - v3.15.0 - 02-08-2023 *\/\n.elementor-widget-image{text-align:center}.elementor-widget-image a{display:inline-block}.elementor-widget-image a img[src$=\".svg\"]{width:48px}.elementor-widget-image img{vertical-align:middle;display:inline-block}<\/style>\t\t\t\t\t\t\t\t\t\t\t\t<img decoding=\"async\" width=\"549\" height=\"507\" data-src=\"https:\/\/ldnglobalmarkets.com\/wp-content\/uploads\/2023\/08\/more-LECTURES.png\" class=\"attachment-medium_large size-medium_large wp-image-31232 lazyload\" alt=\"LDN Global Markets Webinars Design\" data-srcset=\"https:\/\/ldnglobalmarkets.com\/wp-content\/uploads\/2023\/08\/more-LECTURES.png 549w, https:\/\/ldnglobalmarkets.com\/wp-content\/uploads\/2023\/08\/more-LECTURES-300x277.png 300w\" data-sizes=\"(max-width: 549px) 100vw, 549px\" src=\"data:image\/svg+xml;base64,PHN2ZyB3aWR0aD0iMSIgaGVpZ2h0PSIxIiB4bWxucz0iaHR0cDovL3d3dy53My5vcmcvMjAwMC9zdmciPjwvc3ZnPg==\" style=\"--smush-placeholder-width: 549px; --smush-placeholder-aspect-ratio: 549\/507;\" \/>\t\t\t\t\t\t\t\t\t\t\t\t\t\t\t<\/div>\n\t\t\t\t<\/div>\n\t\t\t\t\t<\/div>\n\t\t<\/div>\n\t\t\t\t<div class=\"elementor-column elementor-col-66 elementor-top-column elementor-element elementor-element-520434b elementor-invisible\" data-id=\"520434b\" data-element_type=\"column\" data-settings=\"{&quot;animation&quot;:&quot;slideInLeft&quot;}\">\n\t\t\t<div class=\"elementor-widget-wrap elementor-element-populated\">\n\t\t\t\t\t\t\t\t<div class=\"elementor-element elementor-element-ff3b64f elementor-widget elementor-widget-heading\" data-id=\"ff3b64f\" data-element_type=\"widget\" data-settings=\"{&quot;ekit_we_effect_on&quot;:&quot;none&quot;}\" data-widget_type=\"heading.default\">\n\t\t\t\t<div class=\"elementor-widget-container\">\n\t\t\t<style>\/*! elementor - v3.15.0 - 02-08-2023 *\/\n.elementor-heading-title{padding:0;margin:0;line-height:1}.elementor-widget-heading .elementor-heading-title[class*=elementor-size-]>a{color:inherit;font-size:inherit;line-height:inherit}.elementor-widget-heading .elementor-heading-title.elementor-size-small{font-size:15px}.elementor-widget-heading .elementor-heading-title.elementor-size-medium{font-size:19px}.elementor-widget-heading .elementor-heading-title.elementor-size-large{font-size:29px}.elementor-widget-heading .elementor-heading-title.elementor-size-xl{font-size:39px}.elementor-widget-heading .elementor-heading-title.elementor-size-xxl{font-size:59px}<\/style><h2 class=\"elementor-heading-title elementor-size-default\">MERCADOS GLOBAIS LDN<\/h2>\t\t<\/div>\n\t\t\t\t<\/div>\n\t\t\t\t<div class=\"elementor-element elementor-element-6f688ae elementor-widget elementor-widget-heading\" data-id=\"6f688ae\" data-element_type=\"widget\" data-settings=\"{&quot;ekit_we_effect_on&quot;:&quot;none&quot;}\" data-widget_type=\"heading.default\">\n\t\t\t\t<div class=\"elementor-widget-container\">\n\t\t\t<h2 class=\"elementor-heading-title elementor-size-default\">Semin\u00e1rios on-line<\/h2>\t\t<\/div>\n\t\t\t\t<\/div>\n\t\t\t\t\t<\/div>\n\t\t<\/div>\n\t\t\t\t\t\t\t<\/div>\n\t\t<\/section>\n\t\t\t\t<section class=\"elementor-section elementor-top-section elementor-element elementor-element-fd7beed elementor-section-boxed elementor-section-height-default elementor-section-height-default\" data-id=\"fd7beed\" data-element_type=\"section\" data-settings=\"{&quot;background_background&quot;:&quot;classic&quot;,&quot;ekit_has_onepagescroll_dot&quot;:&quot;yes&quot;}\">\n\t\t\t\t\t\t<div class=\"elementor-container elementor-column-gap-default\">\n\t\t\t\t\t<div class=\"elementor-column elementor-col-100 elementor-top-column elementor-element elementor-element-626a396\" data-id=\"626a396\" data-element_type=\"column\">\n\t\t\t<div class=\"elementor-widget-wrap elementor-element-populated\">\n\t\t\t\t\t\t\t\t<div class=\"elementor-element elementor-element-aa36933 elementor-widget elementor-widget-heading\" data-id=\"aa36933\" data-element_type=\"widget\" data-settings=\"{&quot;ekit_we_effect_on&quot;:&quot;none&quot;}\" data-widget_type=\"heading.default\">\n\t\t\t\t<div class=\"elementor-widget-container\">\n\t\t\t<h2 class=\"elementor-heading-title elementor-size-default\">Webinars semanais da LDN Global Markets: melhore suas habilidades de negocia\u00e7\u00e3o Forex<\/h2>\t\t<\/div>\n\t\t\t\t<\/div>\n\t\t\t\t<div class=\"elementor-element elementor-element-307014b elementor-widget elementor-widget-text-editor\" data-id=\"307014b\" data-element_type=\"widget\" data-settings=\"{&quot;ekit_we_effect_on&quot;:&quot;none&quot;}\" data-widget_type=\"text-editor.default\">\n\t\t\t\t<div class=\"elementor-widget-container\">\n\t\t\t<style>\/*! elementor - v3.15.0 - 02-08-2023 *\/\n.elementor-widget-text-editor.elementor-drop-cap-view-stacked .elementor-drop-cap{background-color:#69727d;color:#fff}.elementor-widget-text-editor.elementor-drop-cap-view-framed .elementor-drop-cap{color:#69727d;border:3px solid;background-color:transparent}.elementor-widget-text-editor:not(.elementor-drop-cap-view-default) .elementor-drop-cap{margin-top:8px}.elementor-widget-text-editor:not(.elementor-drop-cap-view-default) .elementor-drop-cap-letter{width:1em;height:1em}.elementor-widget-text-editor .elementor-drop-cap{float:left;text-align:center;line-height:1;font-size:50px}.elementor-widget-text-editor .elementor-drop-cap-letter{display:inline-block}<\/style>\t\t\t\t<p>A LDN Global Markets oferece webinars semanais concebidos para melhorar o seu conhecimento do mercado cambial e ajud\u00e1-lo a aprimorar as suas habilidades de negocia\u00e7\u00e3o. Nossos webinars est\u00e3o repletos de informa\u00e7\u00f5es valiosas, incluindo an\u00e1lises e insights de mercado, estrat\u00e9gias e t\u00e9cnicas de negocia\u00e7\u00e3o, dicas de gerenciamento de risco e sess\u00f5es de perguntas e respostas ao vivo com nossos especialistas.<\/p>\n<p>Estamos constantemente fornecendo pesquisas e mantendo os traders atualizados sobre as \u00faltimas tend\u00eancias e desenvolvimentos no mercado Forex. Compartilhamos esse conhecimento por meio de nossas ferramentas de An\u00e1lise T\u00e9cnica, Educa\u00e7\u00e3o Forex, Negocia\u00e7\u00e3o Forex e blogs.<\/p>\n<p>Quer voc\u00ea seja um trader iniciante ou experiente, nossos experientes analistas de mercado ir\u00e3o gui\u00e1-lo atrav\u00e9s das principais estrat\u00e9gias e conceitos de Forex. Cada webinar \u00e9 seguido ao vivo por uma sess\u00e3o de perguntas e respostas, dando a voc\u00ea a oportunidade de fazer suas perguntas.<\/p>\n<p>Estamos empenhados em fornecer-lhe a educa\u00e7\u00e3o e os recursos necess\u00e1rios para se tornar um trader de Forex de sucesso. Junte-se a n\u00f3s em nosso pr\u00f3ximo webinar e leve sua negocia\u00e7\u00e3o para o pr\u00f3ximo n\u00edvel!<\/p>\n\t\t\t\t\t\t<\/div>\n\t\t\t\t<\/div>\n\t\t\t\t<div class=\"elementor-element elementor-element-47f2d1ab elementor-align-left elementor-mobile-align-left elementor-widget elementor-widget-button\" data-id=\"47f2d1ab\" data-element_type=\"widget\" id=\"popid\" data-settings=\"{&quot;ekit_we_effect_on&quot;:&quot;none&quot;}\" data-widget_type=\"button.default\">\n\t\t\t\t<div class=\"elementor-widget-container\">\n\t\t\t\t\t<div class=\"elementor-button-wrapper\">\n\t\t\t<a class=\"elementor-button elementor-button-link elementor-size-sm\" href=\"#\">\n\t\t\t\t\t\t<span class=\"elementor-button-content-wrapper\">\n\t\t\t\t\t\t<span class=\"elementor-button-text\">Comece a aprender agora<\/span>\n\t\t<\/span>\n\t\t\t\t\t<\/a>\n\t\t<\/div>\n\t\t\t\t<\/div>\n\t\t\t\t<\/div>\n\t\t\t\t\t<\/div>\n\t\t<\/div>\n\t\t\t\t\t\t\t<\/div>\n\t\t<\/section>\n\t\t\t\t\t\t\t<\/div>\n\t\t","protected":false},"excerpt":{"rendered":"<p>MERCADOS GLOBAIS LDN Semin\u00e1rios on-line Webinars semanais da LDN Global Markets: melhore suas habilidades de negocia\u00e7\u00e3o Forex A LDN Global Markets oferece webinars semanais concebidos para melhorar o seu conhecimento do mercado cambial e ajud\u00e1-lo a aprimorar as suas habilidades de negocia\u00e7\u00e3o. Nossos webinars est\u00e3o repletos de informa\u00e7\u00f5es valiosas, incluindo an\u00e1lises e insights de mercado, [&hellip;]<\/p>\n","protected":false},"author":2,"featured_media":31232,"parent":0,"menu_order":0,"comment_status":"closed","ping_status":"closed","template":"","meta":{"footnotes":""},"yoast_head":"<!-- This site is optimized with the Yoast SEO Premium plugin v21.8 (Yoast SEO v21.8) - https:\/\/yoast.com\/wordpress\/plugins\/seo\/ -->\n<title>Semin\u00e1rios on-line - LDN Global Market<\/title>\n<meta name=\"robots\" content=\"index, follow, max-snippet:-1, max-image-preview:large, max-video-preview:-1\" \/>\n<link rel=\"canonical\" href=\"https:\/\/ldnglobalmarkets.com\/pt-pt\/seminarios-on-line\/\" \/>\n<meta property=\"og:locale\" content=\"pt_PT\" \/>\n<meta property=\"og:type\" content=\"article\" \/>\n<meta property=\"og:title\" content=\"Semin\u00e1rios on-line\" \/>\n<meta property=\"og:description\" content=\"MERCADOS GLOBAIS LDN Semin\u00e1rios on-line Webinars semanais da LDN Global Markets: melhore suas habilidades de negocia\u00e7\u00e3o Forex A LDN Global Markets oferece webinars semanais concebidos para melhorar o seu conhecimento do mercado cambial e ajud\u00e1-lo a aprimorar as suas habilidades de negocia\u00e7\u00e3o. Nossos webinars est\u00e3o repletos de informa\u00e7\u00f5es valiosas, incluindo an\u00e1lises e insights de mercado, [&hellip;]\" \/>\n<meta property=\"og:url\" content=\"https:\/\/ldnglobalmarkets.com\/pt-pt\/seminarios-on-line\/\" \/>\n<meta property=\"og:site_name\" content=\"LDN Global Market\" \/>\n<meta property=\"article:publisher\" content=\"https:\/\/www.facebook.com\/LDNGLOBALMARKETS\/\" \/>\n<meta property=\"article:modified_time\" content=\"2024-05-08T09:02:48+00:00\" \/>\n<meta property=\"og:image\" content=\"https:\/\/ldnglobalmarkets.com\/wp-content\/uploads\/2023\/08\/more-LECTURES.png\" \/>\n\t<meta property=\"og:image:width\" content=\"549\" \/>\n\t<meta property=\"og:image:height\" content=\"507\" \/>\n\t<meta property=\"og:image:type\" content=\"image\/png\" \/>\n<meta name=\"twitter:card\" content=\"summary_large_image\" \/>\n<meta name=\"twitter:label1\" content=\"Tempo estimado de leitura\" \/>\n\t<meta name=\"twitter:data1\" content=\"2 minutos\" \/>\n<script type=\"application\/ld+json\" class=\"yoast-schema-graph\">{\"@context\":\"https:\/\/schema.org\",\"@graph\":[{\"@type\":\"WebPage\",\"@id\":\"https:\/\/ldnglobalmarkets.com\/pt-pt\/seminarios-on-line\/\",\"url\":\"https:\/\/ldnglobalmarkets.com\/pt-pt\/seminarios-on-line\/\",\"name\":\"Semin\u00e1rios on-line - LDN Global Market\",\"isPartOf\":{\"@id\":\"https:\/\/ldnglobalmarkets.com\/#website\"},\"datePublished\":\"2024-02-11T13:21:37+00:00\",\"dateModified\":\"2024-05-08T09:02:48+00:00\",\"breadcrumb\":{\"@id\":\"https:\/\/ldnglobalmarkets.com\/pt-pt\/seminarios-on-line\/#breadcrumb\"},\"inLanguage\":\"pt-PT\",\"potentialAction\":[{\"@type\":\"ReadAction\",\"target\":[\"https:\/\/ldnglobalmarkets.com\/pt-pt\/seminarios-on-line\/\"]}]},{\"@type\":\"BreadcrumbList\",\"@id\":\"https:\/\/ldnglobalmarkets.com\/pt-pt\/seminarios-on-line\/#breadcrumb\",\"itemListElement\":[{\"@type\":\"ListItem\",\"position\":1,\"name\":\"Home\",\"item\":\"https:\/\/ldnglobalmarkets.com\/\"},{\"@type\":\"ListItem\",\"position\":2,\"name\":\"Semin\u00e1rios on-line\"}]},{\"@type\":\"WebSite\",\"@id\":\"https:\/\/ldnglobalmarkets.com\/#website\",\"url\":\"https:\/\/ldnglobalmarkets.com\/\",\"name\":\"LDN Global Market\",\"description\":\"\",\"publisher\":{\"@id\":\"https:\/\/ldnglobalmarkets.com\/#organization\"},\"potentialAction\":[{\"@type\":\"SearchAction\",\"target\":{\"@type\":\"EntryPoint\",\"urlTemplate\":\"https:\/\/ldnglobalmarkets.com\/?s={search_term_string}\"},\"query-input\":\"required name=search_term_string\"}],\"inLanguage\":\"pt-PT\"},{\"@type\":\"Organization\",\"@id\":\"https:\/\/ldnglobalmarkets.com\/#organization\",\"name\":\"LDN Global Markets\",\"url\":\"https:\/\/ldnglobalmarkets.com\/\",\"logo\":{\"@type\":\"ImageObject\",\"inLanguage\":\"pt-PT\",\"@id\":\"https:\/\/ldnglobalmarkets.com\/#\/schema\/logo\/image\/\",\"url\":\"https:\/\/ldnglobalmarkets.com\/wp-content\/uploads\/2023\/08\/cropped-Layer-8-1.png\",\"contentUrl\":\"https:\/\/ldnglobalmarkets.com\/wp-content\/uploads\/2023\/08\/cropped-Layer-8-1.png\",\"width\":95,\"height\":95,\"caption\":\"LDN Global Markets\"},\"image\":{\"@id\":\"https:\/\/ldnglobalmarkets.com\/#\/schema\/logo\/image\/\"},\"sameAs\":[\"https:\/\/www.facebook.com\/LDNGLOBALMARKETS\/\",\"https:\/\/www.instagram.com\/ldnglobalmarkets\/\",\"https:\/\/www.youtube.com\/channel\/UC9QscBfXyM2lX5KNucvddOw\",\"https:\/\/www.linkedin.com\/company\/ldnglobalmarkets\/?originalSubdomain=uk\",\"https:\/\/t.me\/ldnglobalmarket\"]}]}<\/script>\n<!-- \/ Yoast SEO Premium plugin. -->","yoast_head_json":{"title":"Semin\u00e1rios on-line - LDN Global Market","robots":{"index":"index","follow":"follow","max-snippet":"max-snippet:-1","max-image-preview":"max-image-preview:large","max-video-preview":"max-video-preview:-1"},"canonical":"https:\/\/ldnglobalmarkets.com\/pt-pt\/seminarios-on-line\/","og_locale":"pt_PT","og_type":"article","og_title":"Semin\u00e1rios on-line","og_description":"MERCADOS GLOBAIS LDN Semin\u00e1rios on-line Webinars semanais da LDN Global Markets: melhore suas habilidades de negocia\u00e7\u00e3o Forex A LDN Global Markets oferece webinars semanais concebidos para melhorar o seu conhecimento do mercado cambial e ajud\u00e1-lo a aprimorar as suas habilidades de negocia\u00e7\u00e3o. Nossos webinars est\u00e3o repletos de informa\u00e7\u00f5es valiosas, incluindo an\u00e1lises e insights de mercado, [&hellip;]","og_url":"https:\/\/ldnglobalmarkets.com\/pt-pt\/seminarios-on-line\/","og_site_name":"LDN Global Market","article_publisher":"https:\/\/www.facebook.com\/LDNGLOBALMARKETS\/","article_modified_time":"2024-05-08T09:02:48+00:00","og_image":[{"width":549,"height":507,"url":"https:\/\/ldnglobalmarkets.com\/wp-content\/uploads\/2023\/08\/more-LECTURES.png","type":"image\/png"}],"twitter_card":"summary_large_image","twitter_misc":{"Tempo estimado de leitura":"2 minutos"},"schema":{"@context":"https:\/\/schema.org","@graph":[{"@type":"WebPage","@id":"https:\/\/ldnglobalmarkets.com\/pt-pt\/seminarios-on-line\/","url":"https:\/\/ldnglobalmarkets.com\/pt-pt\/seminarios-on-line\/","name":"Semin\u00e1rios on-line - LDN Global Market","isPartOf":{"@id":"https:\/\/ldnglobalmarkets.com\/#website"},"datePublished":"2024-02-11T13:21:37+00:00","dateModified":"2024-05-08T09:02:48+00:00","breadcrumb":{"@id":"https:\/\/ldnglobalmarkets.com\/pt-pt\/seminarios-on-line\/#breadcrumb"},"inLanguage":"pt-PT","potentialAction":[{"@type":"ReadAction","target":["https:\/\/ldnglobalmarkets.com\/pt-pt\/seminarios-on-line\/"]}]},{"@type":"BreadcrumbList","@id":"https:\/\/ldnglobalmarkets.com\/pt-pt\/seminarios-on-line\/#breadcrumb","itemListElement":[{"@type":"ListItem","position":1,"name":"Home","item":"https:\/\/ldnglobalmarkets.com\/"},{"@type":"ListItem","position":2,"name":"Semin\u00e1rios on-line"}]},{"@type":"WebSite","@id":"https:\/\/ldnglobalmarkets.com\/#website","url":"https:\/\/ldnglobalmarkets.com\/","name":"LDN Global Market","description":"","publisher":{"@id":"https:\/\/ldnglobalmarkets.com\/#organization"},"potentialAction":[{"@type":"SearchAction","target":{"@type":"EntryPoint","urlTemplate":"https:\/\/ldnglobalmarkets.com\/?s={search_term_string}"},"query-input":"required name=search_term_string"}],"inLanguage":"pt-PT"},{"@type":"Organization","@id":"https:\/\/ldnglobalmarkets.com\/#organization","name":"LDN Global Markets","url":"https:\/\/ldnglobalmarkets.com\/","logo":{"@type":"ImageObject","inLanguage":"pt-PT","@id":"https:\/\/ldnglobalmarkets.com\/#\/schema\/logo\/image\/","url":"https:\/\/ldnglobalmarkets.com\/wp-content\/uploads\/2023\/08\/cropped-Layer-8-1.png","contentUrl":"https:\/\/ldnglobalmarkets.com\/wp-content\/uploads\/2023\/08\/cropped-Layer-8-1.png","width":95,"height":95,"caption":"LDN Global Markets"},"image":{"@id":"https:\/\/ldnglobalmarkets.com\/#\/schema\/logo\/image\/"},"sameAs":["https:\/\/www.facebook.com\/LDNGLOBALMARKETS\/","https:\/\/www.instagram.com\/ldnglobalmarkets\/","https:\/\/www.youtube.com\/channel\/UC9QscBfXyM2lX5KNucvddOw","https:\/\/www.linkedin.com\/company\/ldnglobalmarkets\/?originalSubdomain=uk","https:\/\/t.me\/ldnglobalmarket"]}]}},"jetpack_sharing_enabled":true,"_links":{"self":[{"href":"https:\/\/ldnglobalmarkets.com\/pt-pt\/wp-json\/wp\/v2\/pages\/31231"}],"collection":[{"href":"https:\/\/ldnglobalmarkets.com\/pt-pt\/wp-json\/wp\/v2\/pages"}],"about":[{"href":"https:\/\/ldnglobalmarkets.com\/pt-pt\/wp-json\/wp\/v2\/types\/page"}],"author":[{"embeddable":true,"href":"https:\/\/ldnglobalmarkets.com\/pt-pt\/wp-json\/wp\/v2\/users\/2"}],"replies":[{"embeddable":true,"href":"https:\/\/ldnglobalmarkets.com\/pt-pt\/wp-json\/wp\/v2\/comments?post=31231"}],"version-history":[{"count":0,"href":"https:\/\/ldnglobalmarkets.com\/pt-pt\/wp-json\/wp\/v2\/pages\/31231\/revisions"}],"wp:featuredmedia":[{"embeddable":true,"href":"https:\/\/ldnglobalmarkets.com\/pt-pt\/wp-json\/wp\/v2\/media\/31232"}],"wp:attachment":[{"href":"https:\/\/ldnglobalmarkets.com\/pt-pt\/wp-json\/wp\/v2\/media?parent=31231"}],"curies":[{"name":"wp","href":"https:\/\/api.w.org\/{rel}","templated":true}]}}