{"id":31234,"date":"2024-02-11T13:21:36","date_gmt":"2024-02-11T13:21:36","guid":{"rendered":"https:\/\/ldnglobalmarkets.com\/seminarios\/"},"modified":"2024-05-13T15:12:40","modified_gmt":"2024-05-13T15:12:40","slug":"seminarios","status":"publish","type":"page","link":"https:\/\/ldnglobalmarkets.com\/pt-pt\/seminarios\/","title":{"rendered":"semin\u00e1rios"},"content":{"rendered":"\t\t<div data-elementor-type=\"wp-page\" data-elementor-id=\"31234\" class=\"elementor elementor-31234 elementor-30541\" data-elementor-post-type=\"page\">\n\t\t\t\t\t\t\t\t\t<section class=\"elementor-section elementor-top-section elementor-element elementor-element-59007383 elementor-section-full_width elementor-section-height-default elementor-section-height-default\" data-id=\"59007383\" data-element_type=\"section\" data-settings=\"{&quot;background_background&quot;:&quot;classic&quot;,&quot;ekit_has_onepagescroll_dot&quot;:&quot;yes&quot;}\">\n\t\t\t\t\t\t<div class=\"elementor-container elementor-column-gap-default\">\n\t\t\t\t\t<div class=\"elementor-column elementor-col-100 elementor-top-column elementor-element elementor-element-2e679116\" data-id=\"2e679116\" data-element_type=\"column\">\n\t\t\t<div class=\"elementor-widget-wrap elementor-element-populated\">\n\t\t\t\t\t\t\t\t<div class=\"elementor-element elementor-element-73c16bfb elementor-widget elementor-widget-spacer\" data-id=\"73c16bfb\" data-element_type=\"widget\" data-settings=\"{&quot;ekit_we_effect_on&quot;:&quot;none&quot;}\" data-widget_type=\"spacer.default\">\n\t\t\t\t<div class=\"elementor-widget-container\">\n\t\t\t<style>\/*! elementor - v3.15.0 - 02-08-2023 *\/\n.elementor-column .elementor-spacer-inner{height:var(--spacer-size)}.e-con{--container-widget-width:100%}.e-con-inner>.elementor-widget-spacer,.e-con>.elementor-widget-spacer{width:var(--container-widget-width,var(--spacer-size));--align-self:var(--container-widget-align-self,initial);--flex-shrink:0}.e-con-inner>.elementor-widget-spacer>.elementor-widget-container,.e-con-inner>.elementor-widget-spacer>.elementor-widget-container>.elementor-spacer,.e-con>.elementor-widget-spacer>.elementor-widget-container,.e-con>.elementor-widget-spacer>.elementor-widget-container>.elementor-spacer{height:100%}.e-con-inner>.elementor-widget-spacer>.elementor-widget-container>.elementor-spacer>.elementor-spacer-inner,.e-con>.elementor-widget-spacer>.elementor-widget-container>.elementor-spacer>.elementor-spacer-inner{height:var(--container-widget-height,var(--spacer-size))}<\/style>\t\t<div class=\"elementor-spacer\">\n\t\t\t<div class=\"elementor-spacer-inner\"><\/div>\n\t\t<\/div>\n\t\t\t\t<\/div>\n\t\t\t\t<\/div>\n\t\t\t\t\t<\/div>\n\t\t<\/div>\n\t\t\t\t\t\t\t<\/div>\n\t\t<\/section>\n\t\t\t\t<section class=\"elementor-section elementor-top-section elementor-element elementor-element-1d472d20 floatingsection elementor-section-boxed elementor-section-height-default elementor-section-height-default\" data-id=\"1d472d20\" data-element_type=\"section\" data-settings=\"{&quot;background_background&quot;:&quot;classic&quot;,&quot;ekit_has_onepagescroll_dot&quot;:&quot;yes&quot;}\">\n\t\t\t\t\t\t<div class=\"elementor-container elementor-column-gap-default\">\n\t\t\t\t\t<div class=\"elementor-column elementor-col-33 elementor-top-column elementor-element elementor-element-652d21ae\" data-id=\"652d21ae\" data-element_type=\"column\">\n\t\t\t<div class=\"elementor-widget-wrap elementor-element-populated\">\n\t\t\t\t\t\t\t\t<div class=\"elementor-element elementor-element-302a0c6f webinarfloatingimg elementor-widget elementor-widget-image\" data-id=\"302a0c6f\" data-element_type=\"widget\" data-settings=\"{&quot;ekit_we_effect_on&quot;:&quot;none&quot;}\" data-widget_type=\"image.default\">\n\t\t\t\t<div class=\"elementor-widget-container\">\n\t\t\t<style>\/*! elementor - v3.15.0 - 02-08-2023 *\/\n.elementor-widget-image{text-align:center}.elementor-widget-image a{display:inline-block}.elementor-widget-image a img[src$=\".svg\"]{width:48px}.elementor-widget-image img{vertical-align:middle;display:inline-block}<\/style>\t\t\t\t\t\t\t\t\t\t\t\t<img decoding=\"async\" width=\"549\" height=\"507\" data-src=\"https:\/\/ldnglobalmarkets.com\/wp-content\/uploads\/2023\/08\/more-LECTURES.png\" class=\"attachment-medium_large size-medium_large wp-image-31232 lazyload\" alt=\"LDN Global Markets Webinars Design\" data-srcset=\"https:\/\/ldnglobalmarkets.com\/wp-content\/uploads\/2023\/08\/more-LECTURES.png 549w, https:\/\/ldnglobalmarkets.com\/wp-content\/uploads\/2023\/08\/more-LECTURES-300x277.png 300w\" data-sizes=\"(max-width: 549px) 100vw, 549px\" src=\"data:image\/svg+xml;base64,PHN2ZyB3aWR0aD0iMSIgaGVpZ2h0PSIxIiB4bWxucz0iaHR0cDovL3d3dy53My5vcmcvMjAwMC9zdmciPjwvc3ZnPg==\" style=\"--smush-placeholder-width: 549px; --smush-placeholder-aspect-ratio: 549\/507;\" \/>\t\t\t\t\t\t\t\t\t\t\t\t\t\t\t<\/div>\n\t\t\t\t<\/div>\n\t\t\t\t\t<\/div>\n\t\t<\/div>\n\t\t\t\t<div class=\"elementor-column elementor-col-66 elementor-top-column elementor-element elementor-element-1cc68f48 elementor-invisible\" data-id=\"1cc68f48\" data-element_type=\"column\" data-settings=\"{&quot;animation&quot;:&quot;slideInLeft&quot;}\">\n\t\t\t<div class=\"elementor-widget-wrap elementor-element-populated\">\n\t\t\t\t\t\t\t\t<div class=\"elementor-element elementor-element-3a8ac644 elementor-widget elementor-widget-heading\" data-id=\"3a8ac644\" data-element_type=\"widget\" data-settings=\"{&quot;ekit_we_effect_on&quot;:&quot;none&quot;}\" data-widget_type=\"heading.default\">\n\t\t\t\t<div class=\"elementor-widget-container\">\n\t\t\t<style>\/*! elementor - v3.15.0 - 02-08-2023 *\/\n.elementor-heading-title{padding:0;margin:0;line-height:1}.elementor-widget-heading .elementor-heading-title[class*=elementor-size-]>a{color:inherit;font-size:inherit;line-height:inherit}.elementor-widget-heading .elementor-heading-title.elementor-size-small{font-size:15px}.elementor-widget-heading .elementor-heading-title.elementor-size-medium{font-size:19px}.elementor-widget-heading .elementor-heading-title.elementor-size-large{font-size:29px}.elementor-widget-heading .elementor-heading-title.elementor-size-xl{font-size:39px}.elementor-widget-heading .elementor-heading-title.elementor-size-xxl{font-size:59px}<\/style><h2 class=\"elementor-heading-title elementor-size-default\">MERCADOS GLOBAIS LDN<\/h2>\t\t<\/div>\n\t\t\t\t<\/div>\n\t\t\t\t<div class=\"elementor-element elementor-element-304d5a6a elementor-widget elementor-widget-heading\" data-id=\"304d5a6a\" data-element_type=\"widget\" data-settings=\"{&quot;ekit_we_effect_on&quot;:&quot;none&quot;}\" data-widget_type=\"heading.default\">\n\t\t\t\t<div class=\"elementor-widget-container\">\n\t\t\t<h2 class=\"elementor-heading-title elementor-size-default\">semin\u00e1rios<\/h2>\t\t<\/div>\n\t\t\t\t<\/div>\n\t\t\t\t\t<\/div>\n\t\t<\/div>\n\t\t\t\t\t\t\t<\/div>\n\t\t<\/section>\n\t\t\t\t<section class=\"elementor-section elementor-top-section elementor-element elementor-element-b8e88b1 elementor-section-boxed elementor-section-height-default elementor-section-height-default\" data-id=\"b8e88b1\" data-element_type=\"section\" data-settings=\"{&quot;background_background&quot;:&quot;classic&quot;,&quot;ekit_has_onepagescroll_dot&quot;:&quot;yes&quot;}\">\n\t\t\t\t\t\t<div class=\"elementor-container elementor-column-gap-default\">\n\t\t\t\t\t<div class=\"elementor-column elementor-col-100 elementor-top-column elementor-element elementor-element-5e561d24\" data-id=\"5e561d24\" data-element_type=\"column\">\n\t\t\t<div class=\"elementor-widget-wrap elementor-element-populated\">\n\t\t\t\t\t\t\t\t<div class=\"elementor-element elementor-element-2476d225 elementor-widget elementor-widget-heading\" data-id=\"2476d225\" data-element_type=\"widget\" data-settings=\"{&quot;ekit_we_effect_on&quot;:&quot;none&quot;}\" data-widget_type=\"heading.default\">\n\t\t\t\t<div class=\"elementor-widget-container\">\n\t\t\t<h2 class=\"elementor-heading-title elementor-size-default\">Semin\u00e1rios Semanais LDN Global Markets: Melhore Suas Habilidades de Negocia\u00e7\u00e3o Forex<\/h2>\t\t<\/div>\n\t\t\t\t<\/div>\n\t\t\t\t<div class=\"elementor-element elementor-element-14c6ffe7 elementor-widget elementor-widget-text-editor\" data-id=\"14c6ffe7\" data-element_type=\"widget\" data-settings=\"{&quot;ekit_we_effect_on&quot;:&quot;none&quot;}\" data-widget_type=\"text-editor.default\">\n\t\t\t\t<div class=\"elementor-widget-container\">\n\t\t\t<style>\/*! elementor - v3.15.0 - 02-08-2023 *\/\n.elementor-widget-text-editor.elementor-drop-cap-view-stacked .elementor-drop-cap{background-color:#69727d;color:#fff}.elementor-widget-text-editor.elementor-drop-cap-view-framed .elementor-drop-cap{color:#69727d;border:3px solid;background-color:transparent}.elementor-widget-text-editor:not(.elementor-drop-cap-view-default) .elementor-drop-cap{margin-top:8px}.elementor-widget-text-editor:not(.elementor-drop-cap-view-default) .elementor-drop-cap-letter{width:1em;height:1em}.elementor-widget-text-editor .elementor-drop-cap{float:left;text-align:center;line-height:1;font-size:50px}.elementor-widget-text-editor .elementor-drop-cap-letter{display:inline-block}<\/style>\t\t\t\t<p>A LDN Global Markets organiza semin\u00e1rios semanais adaptados para melhorar a sua compreens\u00e3o do mercado forex e refinar as suas habilidades de negocia\u00e7\u00e3o. Esses semin\u00e1rios oferecem uma riqueza de insights valiosos, incluindo an\u00e1lises de mercado aprofundadas, estrat\u00e9gias de negocia\u00e7\u00e3o eficazes, t\u00e9cnicas de gest\u00e3o de risco e sess\u00f5es interativas de perguntas e respostas com nossos especialistas experientes.<\/p>\n<p>Our commitment to keeping traders informed is evident in our continuous research updates and coverage of the latest trends in the Forex market. We disseminate this knowledge through Technical Analysis, comprehensive Forex Education, cutting-edge Forex Trading tools, and engaging blogs.<\/p>\n<p>Whether you&#8217;re a novice or a seasoned trader, our experienced market analysts will walk you through crucial forex strategies and concepts in our seminars. Each session concludes with a live question-and-answer segment, providing you with the opportunity to get answers to your queries in real-time.<\/p>\n<p>At LDN Global Markets, we are dedicated to equipping you with the education and resources necessary for your success as a Forex trader. Don&#8217;t miss out on our next seminar \u2013 it&#8217;s your chance to elevate your trading game!<\/p>\n\t\t\t\t\t\t<\/div>\n\t\t\t\t<\/div>\n\t\t\t\t<div class=\"elementor-element elementor-element-7f74209e elementor-align-left elementor-mobile-align-left elementor-widget elementor-widget-button\" data-id=\"7f74209e\" data-element_type=\"widget\" id=\"popsemiid\" data-settings=\"{&quot;ekit_we_effect_on&quot;:&quot;none&quot;}\" data-widget_type=\"button.default\">\n\t\t\t\t<div class=\"elementor-widget-container\">\n\t\t\t\t\t<div class=\"elementor-button-wrapper\">\n\t\t\t<a class=\"elementor-button elementor-button-link elementor-size-sm\" href=\"#\">\n\t\t\t\t\t\t<span class=\"elementor-button-content-wrapper\">\n\t\t\t\t\t\t<span class=\"elementor-button-text\">Comece a aprender agora<\/span>\n\t\t<\/span>\n\t\t\t\t\t<\/a>\n\t\t<\/div>\n\t\t\t\t<\/div>\n\t\t\t\t<\/div>\n\t\t\t\t\t<\/div>\n\t\t<\/div>\n\t\t\t\t\t\t\t<\/div>\n\t\t<\/section>\n\t\t\t\t\t\t\t<\/div>\n\t\t","protected":false},"excerpt":{"rendered":"<p>MERCADOS GLOBAIS LDN semin\u00e1rios Semin\u00e1rios Semanais LDN Global Markets: Melhore Suas Habilidades de Negocia\u00e7\u00e3o Forex A LDN Global Markets organiza semin\u00e1rios semanais adaptados para melhorar a sua compreens\u00e3o do mercado forex e refinar as suas habilidades de negocia\u00e7\u00e3o. Esses semin\u00e1rios oferecem uma riqueza de insights valiosos, incluindo an\u00e1lises de mercado aprofundadas, estrat\u00e9gias de negocia\u00e7\u00e3o eficazes, [&hellip;]<\/p>\n","protected":false},"author":2,"featured_media":31232,"parent":0,"menu_order":0,"comment_status":"closed","ping_status":"closed","template":"","meta":{"footnotes":""},"yoast_head":"<!-- This site is optimized with the Yoast SEO Premium plugin v21.8 (Yoast SEO v21.8) - https:\/\/yoast.com\/wordpress\/plugins\/seo\/ -->\n<title>semin\u00e1rios - LDN Global Market<\/title>\n<meta name=\"robots\" content=\"index, follow, max-snippet:-1, max-image-preview:large, max-video-preview:-1\" \/>\n<link rel=\"canonical\" href=\"https:\/\/ldnglobalmarkets.com\/pt-pt\/seminarios\/\" \/>\n<meta property=\"og:locale\" content=\"pt_PT\" \/>\n<meta property=\"og:type\" content=\"article\" \/>\n<meta property=\"og:title\" content=\"semin\u00e1rios\" \/>\n<meta property=\"og:description\" content=\"MERCADOS GLOBAIS LDN semin\u00e1rios Semin\u00e1rios Semanais LDN Global Markets: Melhore Suas Habilidades de Negocia\u00e7\u00e3o Forex A LDN Global Markets organiza semin\u00e1rios semanais adaptados para melhorar a sua compreens\u00e3o do mercado forex e refinar as suas habilidades de negocia\u00e7\u00e3o. Esses semin\u00e1rios oferecem uma riqueza de insights valiosos, incluindo an\u00e1lises de mercado aprofundadas, estrat\u00e9gias de negocia\u00e7\u00e3o eficazes, [&hellip;]\" \/>\n<meta property=\"og:url\" content=\"https:\/\/ldnglobalmarkets.com\/pt-pt\/seminarios\/\" \/>\n<meta property=\"og:site_name\" content=\"LDN Global Market\" \/>\n<meta property=\"article:publisher\" content=\"https:\/\/www.facebook.com\/LDNGLOBALMARKETS\/\" \/>\n<meta property=\"article:modified_time\" content=\"2024-05-13T15:12:40+00:00\" \/>\n<meta property=\"og:image\" content=\"https:\/\/ldnglobalmarkets.com\/wp-content\/uploads\/2023\/08\/more-LECTURES.png\" \/>\n\t<meta property=\"og:image:width\" content=\"549\" \/>\n\t<meta property=\"og:image:height\" content=\"507\" \/>\n\t<meta property=\"og:image:type\" content=\"image\/png\" \/>\n<meta name=\"twitter:card\" content=\"summary_large_image\" \/>\n<meta name=\"twitter:label1\" content=\"Tempo estimado de leitura\" \/>\n\t<meta name=\"twitter:data1\" content=\"2 minutos\" \/>\n<script type=\"application\/ld+json\" class=\"yoast-schema-graph\">{\"@context\":\"https:\/\/schema.org\",\"@graph\":[{\"@type\":\"WebPage\",\"@id\":\"https:\/\/ldnglobalmarkets.com\/pt-pt\/seminarios\/\",\"url\":\"https:\/\/ldnglobalmarkets.com\/pt-pt\/seminarios\/\",\"name\":\"semin\u00e1rios - LDN Global Market\",\"isPartOf\":{\"@id\":\"https:\/\/ldnglobalmarkets.com\/#website\"},\"datePublished\":\"2024-02-11T13:21:36+00:00\",\"dateModified\":\"2024-05-13T15:12:40+00:00\",\"breadcrumb\":{\"@id\":\"https:\/\/ldnglobalmarkets.com\/pt-pt\/seminarios\/#breadcrumb\"},\"inLanguage\":\"pt-PT\",\"potentialAction\":[{\"@type\":\"ReadAction\",\"target\":[\"https:\/\/ldnglobalmarkets.com\/pt-pt\/seminarios\/\"]}]},{\"@type\":\"BreadcrumbList\",\"@id\":\"https:\/\/ldnglobalmarkets.com\/pt-pt\/seminarios\/#breadcrumb\",\"itemListElement\":[{\"@type\":\"ListItem\",\"position\":1,\"name\":\"Home\",\"item\":\"https:\/\/ldnglobalmarkets.com\/\"},{\"@type\":\"ListItem\",\"position\":2,\"name\":\"semin\u00e1rios\"}]},{\"@type\":\"WebSite\",\"@id\":\"https:\/\/ldnglobalmarkets.com\/#website\",\"url\":\"https:\/\/ldnglobalmarkets.com\/\",\"name\":\"LDN Global Market\",\"description\":\"\",\"publisher\":{\"@id\":\"https:\/\/ldnglobalmarkets.com\/#organization\"},\"potentialAction\":[{\"@type\":\"SearchAction\",\"target\":{\"@type\":\"EntryPoint\",\"urlTemplate\":\"https:\/\/ldnglobalmarkets.com\/?s={search_term_string}\"},\"query-input\":\"required name=search_term_string\"}],\"inLanguage\":\"pt-PT\"},{\"@type\":\"Organization\",\"@id\":\"https:\/\/ldnglobalmarkets.com\/#organization\",\"name\":\"LDN Global Markets\",\"url\":\"https:\/\/ldnglobalmarkets.com\/\",\"logo\":{\"@type\":\"ImageObject\",\"inLanguage\":\"pt-PT\",\"@id\":\"https:\/\/ldnglobalmarkets.com\/#\/schema\/logo\/image\/\",\"url\":\"https:\/\/ldnglobalmarkets.com\/wp-content\/uploads\/2023\/08\/cropped-Layer-8-1.png\",\"contentUrl\":\"https:\/\/ldnglobalmarkets.com\/wp-content\/uploads\/2023\/08\/cropped-Layer-8-1.png\",\"width\":95,\"height\":95,\"caption\":\"LDN Global Markets\"},\"image\":{\"@id\":\"https:\/\/ldnglobalmarkets.com\/#\/schema\/logo\/image\/\"},\"sameAs\":[\"https:\/\/www.facebook.com\/LDNGLOBALMARKETS\/\",\"https:\/\/www.instagram.com\/ldnglobalmarkets\/\",\"https:\/\/www.youtube.com\/channel\/UC9QscBfXyM2lX5KNucvddOw\",\"https:\/\/www.linkedin.com\/company\/ldnglobalmarkets\/?originalSubdomain=uk\",\"https:\/\/t.me\/ldnglobalmarket\"]}]}<\/script>\n<!-- \/ Yoast SEO Premium plugin. -->","yoast_head_json":{"title":"semin\u00e1rios - LDN Global Market","robots":{"index":"index","follow":"follow","max-snippet":"max-snippet:-1","max-image-preview":"max-image-preview:large","max-video-preview":"max-video-preview:-1"},"canonical":"https:\/\/ldnglobalmarkets.com\/pt-pt\/seminarios\/","og_locale":"pt_PT","og_type":"article","og_title":"semin\u00e1rios","og_description":"MERCADOS GLOBAIS LDN semin\u00e1rios Semin\u00e1rios Semanais LDN Global Markets: Melhore Suas Habilidades de Negocia\u00e7\u00e3o Forex A LDN Global Markets organiza semin\u00e1rios semanais adaptados para melhorar a sua compreens\u00e3o do mercado forex e refinar as suas habilidades de negocia\u00e7\u00e3o. Esses semin\u00e1rios oferecem uma riqueza de insights valiosos, incluindo an\u00e1lises de mercado aprofundadas, estrat\u00e9gias de negocia\u00e7\u00e3o eficazes, [&hellip;]","og_url":"https:\/\/ldnglobalmarkets.com\/pt-pt\/seminarios\/","og_site_name":"LDN Global Market","article_publisher":"https:\/\/www.facebook.com\/LDNGLOBALMARKETS\/","article_modified_time":"2024-05-13T15:12:40+00:00","og_image":[{"width":549,"height":507,"url":"https:\/\/ldnglobalmarkets.com\/wp-content\/uploads\/2023\/08\/more-LECTURES.png","type":"image\/png"}],"twitter_card":"summary_large_image","twitter_misc":{"Tempo estimado de leitura":"2 minutos"},"schema":{"@context":"https:\/\/schema.org","@graph":[{"@type":"WebPage","@id":"https:\/\/ldnglobalmarkets.com\/pt-pt\/seminarios\/","url":"https:\/\/ldnglobalmarkets.com\/pt-pt\/seminarios\/","name":"semin\u00e1rios - LDN Global Market","isPartOf":{"@id":"https:\/\/ldnglobalmarkets.com\/#website"},"datePublished":"2024-02-11T13:21:36+00:00","dateModified":"2024-05-13T15:12:40+00:00","breadcrumb":{"@id":"https:\/\/ldnglobalmarkets.com\/pt-pt\/seminarios\/#breadcrumb"},"inLanguage":"pt-PT","potentialAction":[{"@type":"ReadAction","target":["https:\/\/ldnglobalmarkets.com\/pt-pt\/seminarios\/"]}]},{"@type":"BreadcrumbList","@id":"https:\/\/ldnglobalmarkets.com\/pt-pt\/seminarios\/#breadcrumb","itemListElement":[{"@type":"ListItem","position":1,"name":"Home","item":"https:\/\/ldnglobalmarkets.com\/"},{"@type":"ListItem","position":2,"name":"semin\u00e1rios"}]},{"@type":"WebSite","@id":"https:\/\/ldnglobalmarkets.com\/#website","url":"https:\/\/ldnglobalmarkets.com\/","name":"LDN Global Market","description":"","publisher":{"@id":"https:\/\/ldnglobalmarkets.com\/#organization"},"potentialAction":[{"@type":"SearchAction","target":{"@type":"EntryPoint","urlTemplate":"https:\/\/ldnglobalmarkets.com\/?s={search_term_string}"},"query-input":"required name=search_term_string"}],"inLanguage":"pt-PT"},{"@type":"Organization","@id":"https:\/\/ldnglobalmarkets.com\/#organization","name":"LDN Global Markets","url":"https:\/\/ldnglobalmarkets.com\/","logo":{"@type":"ImageObject","inLanguage":"pt-PT","@id":"https:\/\/ldnglobalmarkets.com\/#\/schema\/logo\/image\/","url":"https:\/\/ldnglobalmarkets.com\/wp-content\/uploads\/2023\/08\/cropped-Layer-8-1.png","contentUrl":"https:\/\/ldnglobalmarkets.com\/wp-content\/uploads\/2023\/08\/cropped-Layer-8-1.png","width":95,"height":95,"caption":"LDN Global Markets"},"image":{"@id":"https:\/\/ldnglobalmarkets.com\/#\/schema\/logo\/image\/"},"sameAs":["https:\/\/www.facebook.com\/LDNGLOBALMARKETS\/","https:\/\/www.instagram.com\/ldnglobalmarkets\/","https:\/\/www.youtube.com\/channel\/UC9QscBfXyM2lX5KNucvddOw","https:\/\/www.linkedin.com\/company\/ldnglobalmarkets\/?originalSubdomain=uk","https:\/\/t.me\/ldnglobalmarket"]}]}},"jetpack_sharing_enabled":true,"_links":{"self":[{"href":"https:\/\/ldnglobalmarkets.com\/pt-pt\/wp-json\/wp\/v2\/pages\/31234"}],"collection":[{"href":"https:\/\/ldnglobalmarkets.com\/pt-pt\/wp-json\/wp\/v2\/pages"}],"about":[{"href":"https:\/\/ldnglobalmarkets.com\/pt-pt\/wp-json\/wp\/v2\/types\/page"}],"author":[{"embeddable":true,"href":"https:\/\/ldnglobalmarkets.com\/pt-pt\/wp-json\/wp\/v2\/users\/2"}],"replies":[{"embeddable":true,"href":"https:\/\/ldnglobalmarkets.com\/pt-pt\/wp-json\/wp\/v2\/comments?post=31234"}],"version-history":[{"count":0,"href":"https:\/\/ldnglobalmarkets.com\/pt-pt\/wp-json\/wp\/v2\/pages\/31234\/revisions"}],"wp:featuredmedia":[{"embeddable":true,"href":"https:\/\/ldnglobalmarkets.com\/pt-pt\/wp-json\/wp\/v2\/media\/31232"}],"wp:attachment":[{"href":"https:\/\/ldnglobalmarkets.com\/pt-pt\/wp-json\/wp\/v2\/media?parent=31234"}],"curies":[{"name":"wp","href":"https:\/\/api.w.org\/{rel}","templated":true}]}}