{"id":31309,"date":"2024-02-11T13:21:25","date_gmt":"2024-02-11T13:21:25","guid":{"rendered":"https:\/\/ldnglobalmarkets.com\/calendario-economico\/"},"modified":"2024-02-11T13:21:25","modified_gmt":"2024-02-11T13:21:25","slug":"calendario-economico","status":"publish","type":"page","link":"https:\/\/ldnglobalmarkets.com\/pt-pt\/calendario-economico\/","title":{"rendered":"Calend\u00e1rio Econ\u00f4mico"},"content":{"rendered":"\t\t<div data-elementor-type=\"wp-page\" data-elementor-id=\"31309\" class=\"elementor elementor-31309 elementor-27772\" data-elementor-post-type=\"page\">\n\t\t\t\t\t\t\t\t\t<section class=\"elementor-section elementor-top-section elementor-element elementor-element-1412ba42 elementor-section-boxed elementor-section-height-default elementor-section-height-default\" data-id=\"1412ba42\" data-element_type=\"section\" data-settings=\"{&quot;background_background&quot;:&quot;classic&quot;,&quot;ekit_has_onepagescroll_dot&quot;:&quot;yes&quot;}\">\n\t\t\t\t\t\t<div class=\"elementor-container elementor-column-gap-default\">\n\t\t\t\t\t<div class=\"elementor-column elementor-col-100 elementor-top-column elementor-element elementor-element-4a74f694\" data-id=\"4a74f694\" data-element_type=\"column\">\n\t\t\t<div class=\"elementor-widget-wrap elementor-element-populated\">\n\t\t\t\t\t\t\t\t<div class=\"elementor-element elementor-element-4d4cdc13 gradant-txt elementor-widget elementor-widget-heading\" data-id=\"4d4cdc13\" data-element_type=\"widget\" data-settings=\"{&quot;ekit_we_effect_on&quot;:&quot;none&quot;}\" data-widget_type=\"heading.default\">\n\t\t\t\t<div class=\"elementor-widget-container\">\n\t\t\t<style>\/*! elementor - v3.15.0 - 02-08-2023 *\/\n.elementor-heading-title{padding:0;margin:0;line-height:1}.elementor-widget-heading .elementor-heading-title[class*=elementor-size-]>a{color:inherit;font-size:inherit;line-height:inherit}.elementor-widget-heading .elementor-heading-title.elementor-size-small{font-size:15px}.elementor-widget-heading .elementor-heading-title.elementor-size-medium{font-size:19px}.elementor-widget-heading .elementor-heading-title.elementor-size-large{font-size:29px}.elementor-widget-heading .elementor-heading-title.elementor-size-xl{font-size:39px}.elementor-widget-heading .elementor-heading-title.elementor-size-xxl{font-size:59px}<\/style><h2 class=\"elementor-heading-title elementor-size-default\">CALEND\u00c1RIO ECON\u00d4MICO<\/h2>\t\t<\/div>\n\t\t\t\t<\/div>\n\t\t\t\t<div class=\"elementor-element elementor-element-2fd0a927 elementor-widget elementor-widget-text-editor\" data-id=\"2fd0a927\" data-element_type=\"widget\" data-settings=\"{&quot;ekit_we_effect_on&quot;:&quot;none&quot;}\" data-widget_type=\"text-editor.default\">\n\t\t\t\t<div class=\"elementor-widget-container\">\n\t\t\t<style>\/*! elementor - v3.15.0 - 02-08-2023 *\/\n.elementor-widget-text-editor.elementor-drop-cap-view-stacked .elementor-drop-cap{background-color:#69727d;color:#fff}.elementor-widget-text-editor.elementor-drop-cap-view-framed .elementor-drop-cap{color:#69727d;border:3px solid;background-color:transparent}.elementor-widget-text-editor:not(.elementor-drop-cap-view-default) .elementor-drop-cap{margin-top:8px}.elementor-widget-text-editor:not(.elementor-drop-cap-view-default) .elementor-drop-cap-letter{width:1em;height:1em}.elementor-widget-text-editor .elementor-drop-cap{float:left;text-align:center;line-height:1;font-size:50px}.elementor-widget-text-editor .elementor-drop-cap-letter{display:inline-block}<\/style>\t\t\t\t<p>O Calend\u00e1rio Econ\u00f3mico cobre os principais eventos econ\u00f3micos, an\u00fancios e not\u00edcias de todo o mundo que afetam os mercados financeiros. Os eventos s\u00e3o atualizados automaticamente mediante a divulga\u00e7\u00e3o de novos dados. O Calend\u00e1rio Econ\u00f3mico apenas fornece informa\u00e7\u00e3o geral e destina-se apenas a fins informativos.<\/p>\n\t\t\t\t\t\t<\/div>\n\t\t\t\t<\/div>\n\t\t\t\t<div class=\"elementor-element elementor-element-7c4c8ee elementor-widget elementor-widget-text-editor\" data-id=\"7c4c8ee\" data-element_type=\"widget\" data-settings=\"{&quot;ekit_we_effect_on&quot;:&quot;none&quot;}\" data-widget_type=\"text-editor.default\">\n\t\t\t\t<div class=\"elementor-widget-container\">\n\t\t\t\t\t\t\t<p><iframe data-src=\"https:\/\/www.tradays.com\/pt\/economic-calendar\/widget?mode=2&amp;utm_source=multibank.iq\" width=\"100%\" height=\"800px\" frameborder=\"0\" scrolling=\"no\" src=\"data:image\/svg+xml;base64,PHN2ZyB3aWR0aD0iMSIgaGVpZ2h0PSIxIiB4bWxucz0iaHR0cDovL3d3dy53My5vcmcvMjAwMC9zdmciPjwvc3ZnPg==\" class=\"lazyload\" data-load-mode=\"1\"><\/iframe><\/p>\n\t\t\t\t\t\t<\/div>\n\t\t\t\t<\/div>\n\t\t\t\t\t<\/div>\n\t\t<\/div>\n\t\t\t\t\t\t\t<\/div>\n\t\t<\/section>\n\t\t\t\t\t\t\t<\/div>\n\t\t","protected":false},"excerpt":{"rendered":"<p>CALEND\u00c1RIO ECON\u00d4MICO O Calend\u00e1rio Econ\u00f3mico cobre os principais eventos econ\u00f3micos, an\u00fancios e not\u00edcias de todo o mundo que afetam os mercados financeiros. Os eventos s\u00e3o atualizados automaticamente mediante a divulga\u00e7\u00e3o de novos dados. O Calend\u00e1rio Econ\u00f3mico apenas fornece informa\u00e7\u00e3o geral e destina-se apenas a fins informativos.<\/p>\n","protected":false},"author":2,"featured_media":31310,"parent":0,"menu_order":0,"comment_status":"closed","ping_status":"closed","template":"","meta":{"footnotes":""},"yoast_head":"<!-- This site is optimized with the Yoast SEO Premium plugin v21.8 (Yoast SEO v21.8) - https:\/\/yoast.com\/wordpress\/plugins\/seo\/ -->\n<title>Calend\u00e1rio Econ\u00f4mico - LDN Global Market<\/title>\n<meta name=\"description\" content=\"Liberte insights de mercado: Nosso Calend\u00e1rio Econ\u00f4mico global fornece dados econ\u00f4micos vitais, not\u00edcias e an\u00fancios que afetam os mercados financeiros.\" \/>\n<meta name=\"robots\" content=\"index, follow, max-snippet:-1, max-image-preview:large, max-video-preview:-1\" \/>\n<link rel=\"canonical\" href=\"https:\/\/ldnglobalmarkets.com\/pt-pt\/calendario-economico\/\" \/>\n<meta property=\"og:locale\" content=\"pt_PT\" \/>\n<meta property=\"og:type\" content=\"article\" \/>\n<meta property=\"og:title\" content=\"Calend\u00e1rio Econ\u00f4mico\" \/>\n<meta property=\"og:description\" content=\"Liberte insights de mercado: Nosso Calend\u00e1rio Econ\u00f4mico global fornece dados econ\u00f4micos vitais, not\u00edcias e an\u00fancios que afetam os mercados financeiros.\" \/>\n<meta property=\"og:url\" content=\"https:\/\/ldnglobalmarkets.com\/pt-pt\/calendario-economico\/\" \/>\n<meta property=\"og:site_name\" content=\"LDN Global Market\" \/>\n<meta property=\"article:publisher\" content=\"https:\/\/www.facebook.com\/LDNGLOBALMARKETS\/\" \/>\n<meta property=\"og:image\" content=\"https:\/\/ldnglobalmarkets.com\/wp-content\/uploads\/2023\/08\/7-3-2.png\" \/>\n\t<meta property=\"og:image:width\" content=\"688\" \/>\n\t<meta property=\"og:image:height\" content=\"764\" \/>\n\t<meta property=\"og:image:type\" content=\"image\/png\" \/>\n<meta name=\"twitter:card\" content=\"summary_large_image\" \/>\n<script type=\"application\/ld+json\" class=\"yoast-schema-graph\">{\"@context\":\"https:\/\/schema.org\",\"@graph\":[{\"@type\":\"WebPage\",\"@id\":\"https:\/\/ldnglobalmarkets.com\/pt-pt\/calendario-economico\/\",\"url\":\"https:\/\/ldnglobalmarkets.com\/pt-pt\/calendario-economico\/\",\"name\":\"Calend\u00e1rio Econ\u00f4mico - LDN Global Market\",\"isPartOf\":{\"@id\":\"https:\/\/ldnglobalmarkets.com\/#website\"},\"datePublished\":\"2024-02-11T13:21:25+00:00\",\"dateModified\":\"2024-02-11T13:21:25+00:00\",\"description\":\"Liberte insights de mercado: Nosso Calend\u00e1rio Econ\u00f4mico global fornece dados econ\u00f4micos vitais, not\u00edcias e an\u00fancios que afetam os mercados financeiros.\",\"breadcrumb\":{\"@id\":\"https:\/\/ldnglobalmarkets.com\/pt-pt\/calendario-economico\/#breadcrumb\"},\"inLanguage\":\"pt-PT\",\"potentialAction\":[{\"@type\":\"ReadAction\",\"target\":[\"https:\/\/ldnglobalmarkets.com\/pt-pt\/calendario-economico\/\"]}]},{\"@type\":\"BreadcrumbList\",\"@id\":\"https:\/\/ldnglobalmarkets.com\/pt-pt\/calendario-economico\/#breadcrumb\",\"itemListElement\":[{\"@type\":\"ListItem\",\"position\":1,\"name\":\"Home\",\"item\":\"https:\/\/ldnglobalmarkets.com\/\"},{\"@type\":\"ListItem\",\"position\":2,\"name\":\"Calend\u00e1rio Econ\u00f4mico\"}]},{\"@type\":\"WebSite\",\"@id\":\"https:\/\/ldnglobalmarkets.com\/#website\",\"url\":\"https:\/\/ldnglobalmarkets.com\/\",\"name\":\"LDN Global Market\",\"description\":\"\",\"publisher\":{\"@id\":\"https:\/\/ldnglobalmarkets.com\/#organization\"},\"potentialAction\":[{\"@type\":\"SearchAction\",\"target\":{\"@type\":\"EntryPoint\",\"urlTemplate\":\"https:\/\/ldnglobalmarkets.com\/?s={search_term_string}\"},\"query-input\":\"required name=search_term_string\"}],\"inLanguage\":\"pt-PT\"},{\"@type\":\"Organization\",\"@id\":\"https:\/\/ldnglobalmarkets.com\/#organization\",\"name\":\"LDN Global Markets\",\"url\":\"https:\/\/ldnglobalmarkets.com\/\",\"logo\":{\"@type\":\"ImageObject\",\"inLanguage\":\"pt-PT\",\"@id\":\"https:\/\/ldnglobalmarkets.com\/#\/schema\/logo\/image\/\",\"url\":\"https:\/\/ldnglobalmarkets.com\/wp-content\/uploads\/2023\/08\/cropped-Layer-8-1.png\",\"contentUrl\":\"https:\/\/ldnglobalmarkets.com\/wp-content\/uploads\/2023\/08\/cropped-Layer-8-1.png\",\"width\":95,\"height\":95,\"caption\":\"LDN Global Markets\"},\"image\":{\"@id\":\"https:\/\/ldnglobalmarkets.com\/#\/schema\/logo\/image\/\"},\"sameAs\":[\"https:\/\/www.facebook.com\/LDNGLOBALMARKETS\/\",\"https:\/\/www.instagram.com\/ldnglobalmarkets\/\",\"https:\/\/www.youtube.com\/channel\/UC9QscBfXyM2lX5KNucvddOw\",\"https:\/\/www.linkedin.com\/company\/ldnglobalmarkets\/?originalSubdomain=uk\",\"https:\/\/t.me\/ldnglobalmarket\"]}]}<\/script>\n<!-- \/ Yoast SEO Premium plugin. -->","yoast_head_json":{"title":"Calend\u00e1rio Econ\u00f4mico - LDN Global Market","description":"Liberte insights de mercado: Nosso Calend\u00e1rio Econ\u00f4mico global fornece dados econ\u00f4micos vitais, not\u00edcias e an\u00fancios que afetam os mercados financeiros.","robots":{"index":"index","follow":"follow","max-snippet":"max-snippet:-1","max-image-preview":"max-image-preview:large","max-video-preview":"max-video-preview:-1"},"canonical":"https:\/\/ldnglobalmarkets.com\/pt-pt\/calendario-economico\/","og_locale":"pt_PT","og_type":"article","og_title":"Calend\u00e1rio Econ\u00f4mico","og_description":"Liberte insights de mercado: Nosso Calend\u00e1rio Econ\u00f4mico global fornece dados econ\u00f4micos vitais, not\u00edcias e an\u00fancios que afetam os mercados financeiros.","og_url":"https:\/\/ldnglobalmarkets.com\/pt-pt\/calendario-economico\/","og_site_name":"LDN Global Market","article_publisher":"https:\/\/www.facebook.com\/LDNGLOBALMARKETS\/","og_image":[{"width":688,"height":764,"url":"https:\/\/ldnglobalmarkets.com\/wp-content\/uploads\/2023\/08\/7-3-2.png","type":"image\/png"}],"twitter_card":"summary_large_image","schema":{"@context":"https:\/\/schema.org","@graph":[{"@type":"WebPage","@id":"https:\/\/ldnglobalmarkets.com\/pt-pt\/calendario-economico\/","url":"https:\/\/ldnglobalmarkets.com\/pt-pt\/calendario-economico\/","name":"Calend\u00e1rio Econ\u00f4mico - LDN Global Market","isPartOf":{"@id":"https:\/\/ldnglobalmarkets.com\/#website"},"datePublished":"2024-02-11T13:21:25+00:00","dateModified":"2024-02-11T13:21:25+00:00","description":"Liberte insights de mercado: Nosso Calend\u00e1rio Econ\u00f4mico global fornece dados econ\u00f4micos vitais, not\u00edcias e an\u00fancios que afetam os mercados financeiros.","breadcrumb":{"@id":"https:\/\/ldnglobalmarkets.com\/pt-pt\/calendario-economico\/#breadcrumb"},"inLanguage":"pt-PT","potentialAction":[{"@type":"ReadAction","target":["https:\/\/ldnglobalmarkets.com\/pt-pt\/calendario-economico\/"]}]},{"@type":"BreadcrumbList","@id":"https:\/\/ldnglobalmarkets.com\/pt-pt\/calendario-economico\/#breadcrumb","itemListElement":[{"@type":"ListItem","position":1,"name":"Home","item":"https:\/\/ldnglobalmarkets.com\/"},{"@type":"ListItem","position":2,"name":"Calend\u00e1rio Econ\u00f4mico"}]},{"@type":"WebSite","@id":"https:\/\/ldnglobalmarkets.com\/#website","url":"https:\/\/ldnglobalmarkets.com\/","name":"LDN Global Market","description":"","publisher":{"@id":"https:\/\/ldnglobalmarkets.com\/#organization"},"potentialAction":[{"@type":"SearchAction","target":{"@type":"EntryPoint","urlTemplate":"https:\/\/ldnglobalmarkets.com\/?s={search_term_string}"},"query-input":"required name=search_term_string"}],"inLanguage":"pt-PT"},{"@type":"Organization","@id":"https:\/\/ldnglobalmarkets.com\/#organization","name":"LDN Global Markets","url":"https:\/\/ldnglobalmarkets.com\/","logo":{"@type":"ImageObject","inLanguage":"pt-PT","@id":"https:\/\/ldnglobalmarkets.com\/#\/schema\/logo\/image\/","url":"https:\/\/ldnglobalmarkets.com\/wp-content\/uploads\/2023\/08\/cropped-Layer-8-1.png","contentUrl":"https:\/\/ldnglobalmarkets.com\/wp-content\/uploads\/2023\/08\/cropped-Layer-8-1.png","width":95,"height":95,"caption":"LDN Global Markets"},"image":{"@id":"https:\/\/ldnglobalmarkets.com\/#\/schema\/logo\/image\/"},"sameAs":["https:\/\/www.facebook.com\/LDNGLOBALMARKETS\/","https:\/\/www.instagram.com\/ldnglobalmarkets\/","https:\/\/www.youtube.com\/channel\/UC9QscBfXyM2lX5KNucvddOw","https:\/\/www.linkedin.com\/company\/ldnglobalmarkets\/?originalSubdomain=uk","https:\/\/t.me\/ldnglobalmarket"]}]}},"jetpack_sharing_enabled":true,"_links":{"self":[{"href":"https:\/\/ldnglobalmarkets.com\/pt-pt\/wp-json\/wp\/v2\/pages\/31309"}],"collection":[{"href":"https:\/\/ldnglobalmarkets.com\/pt-pt\/wp-json\/wp\/v2\/pages"}],"about":[{"href":"https:\/\/ldnglobalmarkets.com\/pt-pt\/wp-json\/wp\/v2\/types\/page"}],"author":[{"embeddable":true,"href":"https:\/\/ldnglobalmarkets.com\/pt-pt\/wp-json\/wp\/v2\/users\/2"}],"replies":[{"embeddable":true,"href":"https:\/\/ldnglobalmarkets.com\/pt-pt\/wp-json\/wp\/v2\/comments?post=31309"}],"version-history":[{"count":0,"href":"https:\/\/ldnglobalmarkets.com\/pt-pt\/wp-json\/wp\/v2\/pages\/31309\/revisions"}],"wp:featuredmedia":[{"embeddable":true,"href":"https:\/\/ldnglobalmarkets.com\/pt-pt\/wp-json\/wp\/v2\/media\/31310"}],"wp:attachment":[{"href":"https:\/\/ldnglobalmarkets.com\/pt-pt\/wp-json\/wp\/v2\/media?parent=31309"}],"curies":[{"name":"wp","href":"https:\/\/api.w.org\/{rel}","templated":true}]}}